{"id":1345,"date":"2024-08-29T12:49:59","date_gmt":"2024-08-29T10:49:59","guid":{"rendered":"https:\/\/www.heliberte.com\/?page_id=1345"},"modified":"2024-08-29T12:49:59","modified_gmt":"2024-08-29T10:49:59","slug":"administratif-comptabilite","status":"publish","type":"page","link":"https:\/\/www.heliberte.com\/en\/contact\/administratif-comptabilite\/","title":{"rendered":"Service administratif et comptabilit\u00e9"},"content":{"rendered":"\n<div class=\"wp-block-columns is-layout-flex wp-container-core-columns-is-layout-9d6595d7 wp-block-columns-is-layout-flex\">\n<div class=\"wp-block-column is-vertically-aligned-center is-layout-flow wp-block-column-is-layout-flow\"><div class=\"wp-block-image\">\n<figure class=\"aligncenter size-full\"><img decoding=\"async\" src=\"https:\/\/www.heliberte.com\/wp-content\/uploads\/2024\/07\/Service-administratif-e1721952300454.jpeg\" alt=\"\" class=\"wp-image-611\" \/><\/figure><\/div>\n\n\n<h3 class=\"wp-block-heading has-text-align-center\" style=\"font-size:1.6em\">Service administratif et comptabilit\u00e9<\/h3>\n\n\n\n<p class=\"has-text-align-center\"><strong>Rapha\u00eblla<\/strong><\/p>\n\n\n\n<p class=\"has-text-align-center\" style=\"font-size:1.6em\">02 43 39 14 50<\/p>\n<\/div>\n\n\n\n<div class=\"wp-block-column is-vertically-aligned-center is-layout-flow wp-block-column-is-layout-flow\"><span id=\"form-1349\" class=\"pt-xl\"><\/span><form id=\"form-1349\" class=\"form form-1349 grid g-4 gt-4\" action=\"https:\/\/www.heliberte.com\/en\/wp-json\/wp\/v2\/pages\/1345#form-1349\" method=\"post\" enctype=\"multipart\/form-data\"><div class=\"container-form gc-4 gc-s-4 gc-m-2\"><label class=\"label-title\">Nom et pr\u00e9nom<\/label><input type=\"text\" name=\"66d04f26bd293\" value=\"\" placeholder=\"\"\/><\/div><div class=\"container-form gc-4 gc-s-4 gc-m-2\"><label class=\"label-title\">E-mail<\/label><input type=\"email\" name=\"66d04f26bd29a\" value=\"\" placeholder=\"\"\/><\/div><div class=\"container-form gc-4 gc-s-4 gc-m-2\"><label class=\"label-title\">T\u00e9l\u00e9phone<\/label><input type=\"text\" name=\"66d04f26bd29d\" value=\"\" placeholder=\"\"\/><\/div><div class=\"container-form gc-4 gc-s-4 gc-m-2\"><label class=\"label-title\">Code postal<\/label><input type=\"text\" name=\"66d04f26bd2a0\" value=\"\" placeholder=\"\"\/><\/div><div class=\"container-form gc-4 gc-s-4 gc-m-4\"><label class=\"label-title\">Message<\/label><textarea name=\"66d04f26bd2a3\" placeholder=\"\"><\/textarea><\/div><div class=\"container-form gc-4\"><button type=\"submit\" class=\"btn\" name=\"submit_1349\">Envoyer<\/button><\/div><\/form>\n<\/div>\n<\/div>\n\n\n\n<div style=\"height:100px\" aria-hidden=\"true\" class=\"wp-block-spacer\"><\/div>\n\n\n\n<h2 class=\"wp-block-heading has-text-align-center\">Retrouvez <mark style=\"color:#d8a026\" class=\"has-inline-color\">nos autres services<\/mark> H\u00e9libert\u00e9<\/h2>\n\n\n\n<div class=\"wp-block-columns is-layout-flex wp-container-core-columns-is-layout-9d6595d7 wp-block-columns-is-layout-flex\">\n<div class=\"wp-block-column is-layout-flow wp-block-column-is-layout-flow\"><div class=\"wp-block-image\">\n<figure class=\"aligncenter size-full\"><a href=\"https:\/\/www.heliberte.com\/contact\/service-commercial\/\"><img decoding=\"async\" src=\"https:\/\/www.heliberte.com\/wp-content\/uploads\/2024\/07\/Service-Commercial-7J7-e1721952251510.png\" alt=\"\" class=\"wp-image-595\" \/><\/a><\/figure><\/div>\n\n\n<h3 class=\"wp-block-heading has-text-align-center\">Service Commercial 7J\/7<\/h3>\n\n\n\n<p class=\"has-text-align-center\"><strong>H\u00e9l\u00e8ne &amp; Jean-Yves<\/strong><\/p>\n\n\n\n<p class=\"has-text-align-center\" style=\"font-size:1.4em\">06 08 69 41 96<\/p>\n\n\n\n<p class=\"has-text-align-center\"><em><strong>Pour les professionnels ou en cas d&#8217;urgence<\/strong><\/em><\/p>\n\n\n\n<div class=\"wp-block-buttons is-content-justification-center is-layout-flex wp-container-core-buttons-is-layout-16018d1d wp-block-buttons-is-layout-flex\">\n<div class=\"wp-block-button\"><a class=\"wp-block-button__link wp-element-button\" href=\"https:\/\/www.heliberte.com\/contact\/service-commercial\/\">Nous contacter<\/a><\/div>\n<\/div>\n<\/div>\n\n\n\n<div class=\"wp-block-column is-layout-flow wp-block-column-is-layout-flow\"><div class=\"wp-block-image\">\n<figure class=\"aligncenter size-full\"><a href=\"https:\/\/www.heliberte.com\/contact\/accueil-reservation\/\"><img decoding=\"async\" src=\"https:\/\/www.heliberte.com\/wp-content\/uploads\/2024\/07\/Accueil-e1721952268932.jpeg\" alt=\"\" class=\"wp-image-609\" \/><\/a><\/figure><\/div>\n\n\n<h3 class=\"wp-block-heading has-text-align-center\">Accueil &amp; Service r\u00e9servation<\/h3>\n\n\n\n<p class=\"has-text-align-center\"><strong>Num\u00e9ro national<\/strong><\/p>\n\n\n\n<p class=\"has-text-align-center\" style=\"font-size:1.4em\">02 43 39 14 50<\/p>\n\n\n\n<p class=\"has-text-align-center\"><em><strong>Horaires d&#8217;ouverture<\/strong><\/em><\/p>\n\n\n\n<div class=\"wp-block-buttons is-content-justification-center is-layout-flex wp-container-core-buttons-is-layout-16018d1d wp-block-buttons-is-layout-flex\">\n<div class=\"wp-block-button\"><a class=\"wp-block-button__link wp-element-button\" href=\"https:\/\/www.heliberte.com\/contact\/accueil-reservation\/\">Nous contacter<\/a><\/div>\n<\/div>\n<\/div>\n\n\n\n<div class=\"wp-block-column is-layout-flow wp-block-column-is-layout-flow\"><div class=\"wp-block-image\">\n<figure class=\"aligncenter size-full\"><a href=\"https:\/\/www.heliberte.com\/contact\/atelier-maintenance\/\"><img decoding=\"async\" src=\"https:\/\/www.heliberte.com\/wp-content\/uploads\/2024\/07\/Atelier-de-maintenance--e1721952282764.jpeg\" alt=\"\" class=\"wp-image-610\" \/><\/a><\/figure><\/div>\n\n\n<h3 class=\"wp-block-heading has-text-align-center\">Atelier de maintenance<\/h3>\n\n\n\n<p class=\"has-text-align-center\"><strong>J\u00e9r\u00f4me Joigneau<\/strong><\/p>\n\n\n\n<p class=\"has-text-align-center\" style=\"font-size:1.4em\">02 43 39 14 50<\/p>\n\n\n\n<div class=\"wp-block-buttons is-content-justification-center is-layout-flex wp-container-core-buttons-is-layout-16018d1d wp-block-buttons-is-layout-flex\">\n<div class=\"wp-block-button\"><a class=\"wp-block-button__link wp-element-button\" href=\"https:\/\/www.heliberte.com\/contact\/atelier-maintenance\/\">Nous contacter<\/a><\/div>\n<\/div>\n<\/div>\n<\/div>\n","protected":false},"excerpt":{"rendered":"<p>Service administratif et comptabilit\u00e9 Rapha\u00eblla 02 43 39 14 50 Retrouvez nos autres services H\u00e9libert\u00e9 Service Commercial 7J\/7 H\u00e9l\u00e8ne &amp; Jean-Yves 06 08 69 41 96 Pour les professionnels ou en cas d&#8217;urgence Accueil &amp; Service r\u00e9servation Num\u00e9ro national 02 43 39 14 50 Horaires d&#8217;ouverture Atelier de maintenance J\u00e9r\u00f4me Joigneau 02 43 39 14 [&hellip;]<\/p>\n","protected":false},"author":1,"featured_media":0,"parent":553,"menu_order":0,"comment_status":"closed","ping_status":"closed","template":"","meta":{"footnotes":""},"class_list":["post-1345","page","type-page","status-publish","hentry"],"yoast_head":"<!-- This site is optimized with the Yoast SEO plugin v27.4 - https:\/\/yoast.com\/product\/yoast-seo-wordpress\/ -->\n<title>Service administratif et comptabilit\u00e9 - H\u00e9libert\u00e9 in English<\/title>\n<meta name=\"robots\" content=\"index, follow, max-snippet:-1, max-image-preview:large, max-video-preview:-1\" \/>\n<link rel=\"canonical\" href=\"https:\/\/www.heliberte.com\/en\/contact\/administratif-comptabilite\/\" \/>\n<meta property=\"og:locale\" content=\"en_US\" \/>\n<meta property=\"og:type\" content=\"article\" \/>\n<meta property=\"og:title\" content=\"Service administratif et comptabilit\u00e9 - H\u00e9libert\u00e9 in English\" \/>\n<meta property=\"og:description\" content=\"Service administratif et comptabilit\u00e9 Rapha\u00eblla 02 43 39 14 50 Retrouvez nos autres services H\u00e9libert\u00e9 Service Commercial 7J\/7 H\u00e9l\u00e8ne &amp; Jean-Yves 06 08 69 41 96 Pour les professionnels ou en cas d&#8217;urgence Accueil &amp; Service r\u00e9servation Num\u00e9ro national 02 43 39 14 50 Horaires d&#8217;ouverture Atelier de maintenance J\u00e9r\u00f4me Joigneau 02 43 39 14 [&hellip;]\" \/>\n<meta property=\"og:url\" content=\"https:\/\/www.heliberte.com\/en\/contact\/administratif-comptabilite\/\" \/>\n<meta property=\"og:site_name\" content=\"H\u00e9libert\u00e9 in English\" \/>\n<meta property=\"og:image\" content=\"https:\/\/www.heliberte.com\/wp-content\/uploads\/2024\/07\/Service-administratif-e1721952300454.jpeg\" \/>\n<meta name=\"twitter:card\" content=\"summary_large_image\" \/>\n<script type=\"application\/ld+json\" class=\"yoast-schema-graph\">{\"@context\":\"https:\\\/\\\/schema.org\",\"@graph\":[{\"@type\":\"WebPage\",\"@id\":\"https:\\\/\\\/www.heliberte.com\\\/en\\\/contact\\\/administratif-comptabilite\\\/\",\"url\":\"https:\\\/\\\/www.heliberte.com\\\/en\\\/contact\\\/administratif-comptabilite\\\/\",\"name\":\"Service administratif et comptabilit\u00e9 - H\u00e9libert\u00e9 in English\",\"isPartOf\":{\"@id\":\"https:\\\/\\\/www.heliberte.com\\\/en\\\/#website\"},\"primaryImageOfPage\":{\"@id\":\"https:\\\/\\\/www.heliberte.com\\\/en\\\/contact\\\/administratif-comptabilite\\\/#primaryimage\"},\"image\":{\"@id\":\"https:\\\/\\\/www.heliberte.com\\\/en\\\/contact\\\/administratif-comptabilite\\\/#primaryimage\"},\"thumbnailUrl\":\"https:\\\/\\\/www.heliberte.com\\\/wp-content\\\/uploads\\\/2024\\\/07\\\/Service-administratif-e1721952300454.jpeg\",\"datePublished\":\"2024-08-29T10:49:59+00:00\",\"breadcrumb\":{\"@id\":\"https:\\\/\\\/www.heliberte.com\\\/en\\\/contact\\\/administratif-comptabilite\\\/#breadcrumb\"},\"inLanguage\":\"en-US\",\"potentialAction\":[{\"@type\":\"ReadAction\",\"target\":[\"https:\\\/\\\/www.heliberte.com\\\/en\\\/contact\\\/administratif-comptabilite\\\/\"]}]},{\"@type\":\"ImageObject\",\"inLanguage\":\"en-US\",\"@id\":\"https:\\\/\\\/www.heliberte.com\\\/en\\\/contact\\\/administratif-comptabilite\\\/#primaryimage\",\"url\":\"https:\\\/\\\/www.heliberte.com\\\/wp-content\\\/uploads\\\/2024\\\/07\\\/Service-administratif-e1721952300454.jpeg\",\"contentUrl\":\"https:\\\/\\\/www.heliberte.com\\\/wp-content\\\/uploads\\\/2024\\\/07\\\/Service-administratif-e1721952300454.jpeg\"},{\"@type\":\"BreadcrumbList\",\"@id\":\"https:\\\/\\\/www.heliberte.com\\\/en\\\/contact\\\/administratif-comptabilite\\\/#breadcrumb\",\"itemListElement\":[{\"@type\":\"ListItem\",\"position\":1,\"name\":\"Accueil\",\"item\":\"https:\\\/\\\/www.heliberte.com\\\/en\\\/\"},{\"@type\":\"ListItem\",\"position\":2,\"name\":\"Contact\",\"item\":\"https:\\\/\\\/www.heliberte.com\\\/en\\\/contact\\\/\"},{\"@type\":\"ListItem\",\"position\":3,\"name\":\"Service administratif et comptabilit\u00e9\"}]},{\"@type\":\"WebSite\",\"@id\":\"https:\\\/\\\/www.heliberte.com\\\/en\\\/#website\",\"url\":\"https:\\\/\\\/www.heliberte.com\\\/en\\\/\",\"name\":\"H\u00e9libert\u00e9 in English\",\"description\":\"\",\"potentialAction\":[{\"@type\":\"SearchAction\",\"target\":{\"@type\":\"EntryPoint\",\"urlTemplate\":\"https:\\\/\\\/www.heliberte.com\\\/en\\\/?s={search_term_string}\"},\"query-input\":{\"@type\":\"PropertyValueSpecification\",\"valueRequired\":true,\"valueName\":\"search_term_string\"}}],\"inLanguage\":\"en-US\"}]}<\/script>\n<!-- \/ Yoast SEO plugin. -->","yoast_head_json":{"title":"Service administratif et comptabilit\u00e9 - H\u00e9libert\u00e9 in English","robots":{"index":"index","follow":"follow","max-snippet":"max-snippet:-1","max-image-preview":"max-image-preview:large","max-video-preview":"max-video-preview:-1"},"canonical":"https:\/\/www.heliberte.com\/en\/contact\/administratif-comptabilite\/","og_locale":"en_US","og_type":"article","og_title":"Service administratif et comptabilit\u00e9 - H\u00e9libert\u00e9 in English","og_description":"Service administratif et comptabilit\u00e9 Rapha\u00eblla 02 43 39 14 50 Retrouvez nos autres services H\u00e9libert\u00e9 Service Commercial 7J\/7 H\u00e9l\u00e8ne &amp; Jean-Yves 06 08 69 41 96 Pour les professionnels ou en cas d&#8217;urgence Accueil &amp; Service r\u00e9servation Num\u00e9ro national 02 43 39 14 50 Horaires d&#8217;ouverture Atelier de maintenance J\u00e9r\u00f4me Joigneau 02 43 39 14 [&hellip;]","og_url":"https:\/\/www.heliberte.com\/en\/contact\/administratif-comptabilite\/","og_site_name":"H\u00e9libert\u00e9 in English","og_image":[{"url":"https:\/\/www.heliberte.com\/wp-content\/uploads\/2024\/07\/Service-administratif-e1721952300454.jpeg","type":"","width":"","height":""}],"twitter_card":"summary_large_image","schema":{"@context":"https:\/\/schema.org","@graph":[{"@type":"WebPage","@id":"https:\/\/www.heliberte.com\/en\/contact\/administratif-comptabilite\/","url":"https:\/\/www.heliberte.com\/en\/contact\/administratif-comptabilite\/","name":"Service administratif et comptabilit\u00e9 - H\u00e9libert\u00e9 in English","isPartOf":{"@id":"https:\/\/www.heliberte.com\/en\/#website"},"primaryImageOfPage":{"@id":"https:\/\/www.heliberte.com\/en\/contact\/administratif-comptabilite\/#primaryimage"},"image":{"@id":"https:\/\/www.heliberte.com\/en\/contact\/administratif-comptabilite\/#primaryimage"},"thumbnailUrl":"https:\/\/www.heliberte.com\/wp-content\/uploads\/2024\/07\/Service-administratif-e1721952300454.jpeg","datePublished":"2024-08-29T10:49:59+00:00","breadcrumb":{"@id":"https:\/\/www.heliberte.com\/en\/contact\/administratif-comptabilite\/#breadcrumb"},"inLanguage":"en-US","potentialAction":[{"@type":"ReadAction","target":["https:\/\/www.heliberte.com\/en\/contact\/administratif-comptabilite\/"]}]},{"@type":"ImageObject","inLanguage":"en-US","@id":"https:\/\/www.heliberte.com\/en\/contact\/administratif-comptabilite\/#primaryimage","url":"https:\/\/www.heliberte.com\/wp-content\/uploads\/2024\/07\/Service-administratif-e1721952300454.jpeg","contentUrl":"https:\/\/www.heliberte.com\/wp-content\/uploads\/2024\/07\/Service-administratif-e1721952300454.jpeg"},{"@type":"BreadcrumbList","@id":"https:\/\/www.heliberte.com\/en\/contact\/administratif-comptabilite\/#breadcrumb","itemListElement":[{"@type":"ListItem","position":1,"name":"Accueil","item":"https:\/\/www.heliberte.com\/en\/"},{"@type":"ListItem","position":2,"name":"Contact","item":"https:\/\/www.heliberte.com\/en\/contact\/"},{"@type":"ListItem","position":3,"name":"Service administratif et comptabilit\u00e9"}]},{"@type":"WebSite","@id":"https:\/\/www.heliberte.com\/en\/#website","url":"https:\/\/www.heliberte.com\/en\/","name":"H\u00e9libert\u00e9 in English","description":"","potentialAction":[{"@type":"SearchAction","target":{"@type":"EntryPoint","urlTemplate":"https:\/\/www.heliberte.com\/en\/?s={search_term_string}"},"query-input":{"@type":"PropertyValueSpecification","valueRequired":true,"valueName":"search_term_string"}}],"inLanguage":"en-US"}]}},"_links":{"self":[{"href":"https:\/\/www.heliberte.com\/en\/wp-json\/wp\/v2\/pages\/1345","targetHints":{"allow":["GET"]}}],"collection":[{"href":"https:\/\/www.heliberte.com\/en\/wp-json\/wp\/v2\/pages"}],"about":[{"href":"https:\/\/www.heliberte.com\/en\/wp-json\/wp\/v2\/types\/page"}],"author":[{"embeddable":true,"href":"https:\/\/www.heliberte.com\/en\/wp-json\/wp\/v2\/users\/1"}],"replies":[{"embeddable":true,"href":"https:\/\/www.heliberte.com\/en\/wp-json\/wp\/v2\/comments?post=1345"}],"version-history":[{"count":0,"href":"https:\/\/www.heliberte.com\/en\/wp-json\/wp\/v2\/pages\/1345\/revisions"}],"up":[{"embeddable":true,"href":"https:\/\/www.heliberte.com\/en\/wp-json\/wp\/v2\/pages\/553"}],"wp:attachment":[{"href":"https:\/\/www.heliberte.com\/en\/wp-json\/wp\/v2\/media?parent=1345"}],"curies":[{"name":"wp","href":"https:\/\/api.w.org\/{rel}","templated":true}]}}