{"id":2,"date":"2024-04-19T13:49:04","date_gmt":"2024-04-19T11:49:04","guid":{"rendered":"https:\/\/www.heliberte.com\/?page_id=2"},"modified":"2024-09-20T12:12:27","modified_gmt":"2024-09-20T10:12:27","slug":"accueil-2","status":"publish","type":"page","link":"https:\/\/www.heliberte.com\/en\/","title":{"rendered":"Accueil"},"content":{"rendered":"\n<div class=\"wp-block-columns is-layout-flex wp-container-core-columns-is-layout-9d6595d7 wp-block-columns-is-layout-flex\">\n<div class=\"wp-block-column is-layout-flow wp-block-column-is-layout-flow\"><div class=\"bloc-youtube\"><div class=\"wrapper img-cover\" style=\"background-image:url(https:\/\/www.heliberte.com\/en\/wp-content\/uploads\/sites\/2\/2024\/09\/24H-2023-P-Cadiou-219_postprod-700x700.jpg);\"><div class=\"play-overlay\"><a class=\"video-popup video-vemo-icon venobox vbox-item glb\" href=\"https:\/\/www.youtube.com\/watch?v=PclHTfSxF44\"><i aria-hidden=\"true\" class=\"fas fa-play\"><\/i><\/a><\/div><\/div><\/div>\n<\/div>\n\n\n\n<div class=\"wp-block-column is-vertically-aligned-center is-layout-flow wp-block-column-is-layout-flow\">\n<h2 class=\"wp-block-heading\">Nos valeurs<\/h2>\n\n\n\n<p><strong>H\u00c9LIBERT\u00c9 est une compagnie agr\u00e9\u00e9e pour Le transport public de passagers en h\u00e9licopt\u00e8re.<\/strong><\/p>\n\n\n\n<p>Op\u00e9rationnelle sur toute l&#8217;ann\u00e9e, elle peut r\u00e9pondre \u00e0 toute demande urgente ou anticip\u00e9e, tant pour la client\u00e8le de particuliers que celle des professionnels de tout secteur (industriels, agriculteurs, soci\u00e9t\u00e9s de services, m\u00e9dias, ind\u00e9pendants, organismes culturels, ..)<\/p>\n\n\n\n<div style=\"height:10px\" aria-hidden=\"true\" class=\"wp-block-spacer\"><\/div>\n\n\n\n<div class=\"wp-block-buttons is-layout-flex wp-block-buttons-is-layout-flex\">\n<div class=\"wp-block-button button-dark\"><a class=\"wp-block-button__link wp-element-button\" href=\"https:\/\/www.heliberte.com\/compagnie\/nos-valeurs\/\">En lire plus<\/a><\/div>\n\n\n\n<div class=\"wp-block-button button-dark-g\"><a class=\"wp-block-button__link wp-element-button\" href=\"https:\/\/www.heliberte.com\/compagnie\/notre-flotte\/\">Notre flotte<\/a><\/div>\n<\/div>\n<\/div>\n<\/div>\n\n\n\n<div style=\"height:60px\" aria-hidden=\"true\" class=\"wp-block-spacer\"><\/div>\n\n\n\n<div class=\"wp-block-columns is-layout-flex wp-container-core-columns-is-layout-9d6595d7 wp-block-columns-is-layout-flex\">\n<div class=\"wp-block-column border-right is-layout-flow wp-block-column-is-layout-flow\">\n<p style=\"font-size:1.2em\">\uf533 <strong>Valeurs affirm\u00e9es<\/strong><\/p>\n\n\n\n<p style=\"font-size:0.9em\">Une soci\u00e9t\u00e9 fran\u00e7aise ind\u00e9pendante, responsable et engag\u00e9e dans son m\u00e9tier, au plus pr\u00e8s des territoires.<\/p>\n<\/div>\n\n\n\n<div class=\"wp-block-column is-layout-flow wp-block-column-is-layout-flow\">\n<p class=\"border-right\" style=\"font-size:1.2em\">\uf4ba <strong>Culture de la s\u00e9curit\u00e9<\/strong><\/p>\n\n\n\n<p style=\"font-size:0.9em\">Des principes de fonctionnement clairs et partag\u00e9s par tous, au premier rang desquels se trouve la culture de la s\u00e9curit\u00e9.<\/p>\n<\/div>\n\n\n\n<div class=\"wp-block-column border-right is-layout-flow wp-block-column-is-layout-flow\">\n<p style=\"font-size:1.2em\">\ue533 <strong>Concertation<\/strong><\/p>\n\n\n\n<p style=\"font-size:0.9em\">Une politique volontariste de dialogue et de concertation avec toutes ses parties prenantes.<\/p>\n<\/div>\n\n\n\n<div class=\"wp-block-column is-layout-flow wp-block-column-is-layout-flow\">\n<p style=\"font-size:1.2em\"><strong>\uf299<\/strong> <strong>Empreinte carbone<\/strong><\/p>\n\n\n\n<p style=\"font-size:0.9em\">H\u00e9libert\u00e9 a pris la mesure de son impact carbone et s\u2019engage dans une d\u00e9marche volontariste de limitation de son empreinte carbone.<\/p>\n<\/div>\n<\/div>\n\n\n\n<div style=\"height:100px\" aria-hidden=\"true\" class=\"wp-block-spacer\"><\/div>\n\n\n\n\n\n\n<div class=\"wp-block-buttons is-content-justification-center is-layout-flex wp-container-core-buttons-is-layout-16018d1d wp-block-buttons-is-layout-flex\">\n<div class=\"wp-block-button\"><a class=\"wp-block-button__link wp-element-button\" href=\"https:\/\/www.heliberte.com\/reserver\/\">Tous les sites<\/a><\/div>\n<\/div>\n\n\n\n<div style=\"height:60px\" aria-hidden=\"true\" class=\"wp-block-spacer\"><\/div>\n\n\n\n<div class=\"wp-block-columns is-layout-flex wp-container-core-columns-is-layout-9d6595d7 wp-block-columns-is-layout-flex\">\n<div class=\"wp-block-column is-layout-flow wp-block-column-is-layout-flow\">\n<div class=\"wp-block-columns is-not-stacked-on-mobile is-layout-flex wp-container-core-columns-is-layout-9d6595d7 wp-block-columns-is-layout-flex\">\n<div class=\"wp-block-column is-vertically-aligned-center is-layout-flow wp-block-column-is-layout-flow\">\n<figure class=\"wp-block-image size-thumbnail\"><img decoding=\"async\" src=\"https:\/\/www.heliberte.com\/wp-content\/uploads\/2024\/07\/Vols-panoramiques-2-300x300.jpg\" alt=\"\" class=\"wp-image-324\" style=\"aspect-ratio:1;object-fit:cover\"\/><\/figure>\n\n\n\n<figure class=\"wp-block-image size-medium\"><img decoding=\"async\" src=\"https:\/\/www.heliberte.com\/wp-content\/uploads\/2024\/07\/Evenementiel-2-700x467.jpg\" alt=\"\" class=\"wp-image-411\" style=\"aspect-ratio:1;object-fit:cover\"\/><\/figure>\n<\/div>\n\n\n\n<div class=\"wp-block-column is-vertically-aligned-center is-layout-flow wp-block-column-is-layout-flow\">\n<figure class=\"wp-block-image size-full\"><img decoding=\"async\" src=\"https:\/\/www.heliberte.com\/wp-content\/uploads\/2024\/07\/Travail-aerien-1.jpeg\" alt=\"\" class=\"wp-image-334\" style=\"aspect-ratio:9\/16;object-fit:cover\"\/><\/figure>\n<\/div>\n<\/div>\n<\/div>\n\n\n\n<div class=\"wp-block-column is-vertically-aligned-center is-layout-flow wp-block-column-is-layout-flow\">\n<h2 class=\"wp-block-heading\">Solutions a\u00e9riennes pour entreprises<\/h2>\n\n\n\n<p style=\"font-size:1.2em\">H\u00e9libert\u00e9 propose une gamme compl\u00e8te de services a\u00e9riens con\u00e7us pour r\u00e9pondre aux besoins vari\u00e9s des entreprises.<\/p>\n\n\n\n<p>Nos solutions innovantes, rapides et flexibles ajoutent une dimension spectaculaire et efficace \u00e0 vos op\u00e9rations et \u00e9v\u00e9nements. D\u00e9couvrez comment nos services peuvent transformer vos projets et c\u00e9l\u00e9brations d\u2019entreprise.<\/p>\n\n\n\n<div style=\"height:15px\" aria-hidden=\"true\" class=\"wp-block-spacer\"><\/div>\n\n\n\n<div class=\"wp-block-buttons is-layout-flex wp-block-buttons-is-layout-flex\">\n<div class=\"wp-block-button\"><a class=\"wp-block-button__link wp-element-button\" href=\"https:\/\/www.heliberte.com\/travail-aerien\/\">Votre solution<\/a><\/div>\n<\/div>\n<\/div>\n<\/div>\n\n\n\n<div style=\"height:60px\" aria-hidden=\"true\" class=\"wp-block-spacer\"><\/div>\n\n\n\n<div class=\"wp-block-columns is-layout-flex wp-container-core-columns-is-layout-9d6595d7 wp-block-columns-is-layout-flex\">\n<div class=\"wp-block-column is-vertically-aligned-center is-layout-flow wp-block-column-is-layout-flow\">\n<h2 class=\"wp-block-heading\">H\u00e9li-taxi,<\/h2>\n\n\n\n<h3 class=\"wp-block-heading\"><strong><mark style=\"color:#bf8e1f\" class=\"has-inline-color\">Transport de passagers<\/mark><\/strong><\/h3>\n\n\n\n<p><strong>Efficacit\u00e9, souplesse et s\u00e9curit\u00e9<\/strong><br \/>Dans un souci de gain de temps, avec l&#8217;h\u00e9licopt\u00e8re, vous \u00eates en mesure d&#8217;arriver \u00e0 destination dans un laps de temps optimal.<\/p>\n\n\n\n<p>Avec une vitesse de croisi\u00e8re sup\u00e9rieure \u00e0 200 km\/h, vous atteignez la destination rapidement. Ainsi, vous vous attribuerez une v\u00e9ritable libert\u00e9 de mouvement car vous ne serez plus tributaires de l&#8217;encombrement du trafic routier ou de la s\u00e9paration d&#8217;une \u00eele au continent.<\/p>\n\n\n\n<div style=\"height:15px\" aria-hidden=\"true\" class=\"wp-block-spacer\"><\/div>\n\n\n\n<div class=\"wp-block-buttons is-layout-flex wp-block-buttons-is-layout-flex\">\n<div class=\"wp-block-button\"><a class=\"wp-block-button__link wp-element-button\" href=\"https:\/\/www.heliberte.com\/vols-passagers\/transport-passagers\/\">Votre voyage<\/a><\/div>\n<\/div>\n<\/div>\n\n\n\n<div class=\"wp-block-column is-layout-flow wp-block-column-is-layout-flow\">\n<figure class=\"wp-block-image size-medium\"><img decoding=\"async\" src=\"https:\/\/www.heliberte.com\/wp-content\/uploads\/2024\/09\/24H-2023-P-Cadiou-103-700x467.jpg\" alt=\"\" class=\"wp-image-1507\" style=\"aspect-ratio:1;object-fit:cover\"\/><\/figure>\n<\/div>\n<\/div>\n\n\n\n<div style=\"height:100px\" aria-hidden=\"true\" class=\"wp-block-spacer\"><\/div>\n\n\n\n<div class=\"wp-block-columns is-layout-flex wp-container-core-columns-is-layout-9d6595d7 wp-block-columns-is-layout-flex\">\n<div class=\"wp-block-column is-vertically-aligned-center is-layout-flow wp-block-column-is-layout-flow\">\n<figure class=\"wp-block-image size-medium\"><img decoding=\"async\" src=\"https:\/\/www.heliberte.com\/wp-content\/uploads\/2024\/08\/IMG_0227_postprod-700x525.jpg\" alt=\"\" class=\"wp-image-762\" style=\"aspect-ratio:1;object-fit:cover\"\/><\/figure>\n<\/div>\n\n\n\n<div class=\"wp-block-column is-vertically-aligned-center is-layout-flow wp-block-column-is-layout-flow\">\n<h2 class=\"wp-block-heading\">R\u00e9paration \/ Maintenance<\/h2>\n\n\n\n<p>H\u00e9libert\u00e9 veille \u00e0 ce que votre h\u00e9licopt\u00e8re respecte toutes les normes de s\u00e9curit\u00e9 gr\u00e2ce \u00e0 des inspections rigoureuses effectu\u00e9es par notre \u00e9quipe sp\u00e9cialis\u00e9e. Nos techniciens qualifi\u00e9s diagnostiquent et r\u00e9parent une vari\u00e9t\u00e9 de probl\u00e8mes m\u00e9caniques et structurels, avec des \u00e9quipements de pointe et des pi\u00e8ces certifi\u00e9es pour assurer des r\u00e9parations de haute qualit\u00e9.<\/p>\n\n\n\n<p>Nous proposons \u00e9galement des programmes de maintenance, con\u00e7us pour garantir la fiabilit\u00e9 et la long\u00e9vit\u00e9 de votre appareil. Notre \u00e9quipe veille \u00e0 ce que chaque composant de votre h\u00e9licopt\u00e8re soit en parfait \u00e9tat, vous permettant de voler en toute s\u00e9curit\u00e9 et tranquillit\u00e9.<\/p>\n<\/div>\n<\/div>\n\n\n\n<div style=\"height:100px\" aria-hidden=\"true\" class=\"wp-block-spacer\"><\/div>\n\n\n\n<h2 class=\"wp-block-heading has-text-align-center\">T\u00e9moignages de nos clients<\/h2>\n\n\n<div class=\"container fluid section-testimonial\"><div class=\"container\"><i class=\"quote-right icon-quote\"><\/i><i class=\"quote-left icon-quote\"><\/i><div class=\"container min swiper-testimonial swiper-testimonial-69eecf8790b5c\"><div class=\"swiper-wrapper\"><div class=\"post-wrap template-testimonial swiper-slide\"><div class=\"wrap\"><div class=\"wrapper\"><div class=\"\"><div class=\"post-excerpt\">J'ai effectu\u00e9 un vol de 1h sur la c\u00f4te de granit rose ce matin au d\u00e9part de St brieuc. Je voulais vraiment vous remercier pour votre accueil, votre s\u00e9rieux et votre professionnalisme. Notre pilote Julien \u00e9tait tr\u00e8s agr\u00e9able avec nous et d'une belle convivialit\u00e9. [...] C'\u00e9tait magique et exceptionnel. <\/div><span class=\"post-user\">Guillaume B<\/span><\/div><\/div><\/div><\/div><div class=\"post-wrap template-testimonial swiper-slide\"><div class=\"wrap\"><div class=\"wrapper\"><div class=\"\"><div class=\"post-excerpt\">Nous avons choisi le survol du golfe du Morbihan. C'\u00e9tait magnifique, la pilote \u00e9tait tr\u00e8s sympathique et nous a rassur\u00e9s avant le d\u00e9collage. Elle nous a comment\u00e9 tout le parcourt et c'\u00e9tait une exp\u00e9rience extraordinaire. A faire absolument.<\/div><span class=\"post-user\">Josiane M<\/span><\/div><\/div><\/div><\/div><div class=\"post-wrap template-testimonial swiper-slide\"><div class=\"wrap\"><div class=\"wrapper\"><div class=\"\"><div class=\"post-excerpt\">M\u00e9caniciens au tops, je recommande la maintenance de vos h\u00e9licopt\u00e8res !<\/div><span class=\"post-user\">Gautier R<\/span><\/div><\/div><\/div><\/div><\/div><div class=\"swiper-pagination\"><\/div><\/div><\/div><\/div><script>\n            const swipertestimonial=new Swiper(\".swiper-testimonial-69eecf8790b5c\",{ \n                slidesPerView: \"auto\",\n                spaceBetween: 0,\n                loop: true,\n                speed: 1500,\n                autoplay: {\n                pauseOnMouseEnter:true,\n                delay: 6000000,\n                disableOnInteraction: false,\n                },\n                centeredSlides: true,\n                pagination: {\n                el: \".swiper-pagination\",\n                clickable: true,\n                dynamicBullets: true,\n                },\n            });\n            <\/script>\n            \n\n\n\n<div style=\"height:100px\" aria-hidden=\"true\" class=\"wp-block-spacer\"><\/div>\n\n\n\n<h2 class=\"wp-block-heading has-text-align-center\">Les actualit\u00e9s<\/h2>\n\n\n\n","protected":false},"excerpt":{"rendered":"<p>Nos valeurs H\u00c9LIBERT\u00c9 est une compagnie agr\u00e9\u00e9e pour Le transport public de passagers en h\u00e9licopt\u00e8re. Op\u00e9rationnelle sur toute l&#8217;ann\u00e9e, elle peut r\u00e9pondre \u00e0 toute demande urgente ou anticip\u00e9e, tant pour la client\u00e8le de particuliers que celle des professionnels de tout secteur (industriels, agriculteurs, soci\u00e9t\u00e9s de services, m\u00e9dias, ind\u00e9pendants, organismes culturels, ..) \uf533 Valeurs affirm\u00e9es Une [&hellip;]<\/p>\n","protected":false},"author":1,"featured_media":0,"parent":0,"menu_order":0,"comment_status":"closed","ping_status":"open","template":"page-home.php","meta":{"footnotes":""},"class_list":["post-2","page","type-page","status-publish","hentry"],"yoast_head":"<!-- This site is optimized with the Yoast SEO plugin v27.4 - https:\/\/yoast.com\/product\/yoast-seo-wordpress\/ -->\n<title>H\u00e9libert\u00e9 H\u00e9licopt\u00e8res, d\u00e9couvrez des sites d&#039;exception<\/title>\n<meta name=\"description\" content=\"La coh\u00e9rence et le travail d&#039;\u00e9quipe. La gestion des facteurs humains o\u00f9 la sagesse l&#039;emporte sur l&#039;orgueil et la vanit\u00e9. La passion d&#039;un m\u00e9tier et du travail ...\" \/>\n<meta name=\"robots\" content=\"index, follow, max-snippet:-1, max-image-preview:large, max-video-preview:-1\" \/>\n<link rel=\"canonical\" href=\"https:\/\/www.heliberte.com\/en\/\" \/>\n<meta property=\"og:locale\" content=\"en_US\" \/>\n<meta property=\"og:type\" content=\"article\" \/>\n<meta property=\"og:title\" content=\"H\u00e9libert\u00e9 H\u00e9licopt\u00e8res, d\u00e9couvrez des sites d&#039;exception\" \/>\n<meta property=\"og:description\" content=\"La coh\u00e9rence et le travail d&#039;\u00e9quipe. La gestion des facteurs humains o\u00f9 la sagesse l&#039;emporte sur l&#039;orgueil et la vanit\u00e9. La passion d&#039;un m\u00e9tier et du travail ...\" \/>\n<meta property=\"og:url\" content=\"https:\/\/www.heliberte.com\/en\/\" \/>\n<meta property=\"og:site_name\" content=\"H\u00e9libert\u00e9 in English\" \/>\n<meta property=\"article:modified_time\" content=\"2024-09-20T10:12:27+00:00\" \/>\n<meta property=\"og:image\" content=\"https:\/\/www.heliberte.com\/wp-content\/uploads\/2024\/07\/Vols-panoramiques-2-300x300.jpg\" \/>\n<meta name=\"twitter:card\" content=\"summary_large_image\" \/>\n<meta name=\"twitter:label1\" content=\"Est. reading time\" \/>\n\t<meta name=\"twitter:data1\" content=\"3 minutes\" \/>\n<script type=\"application\/ld+json\" class=\"yoast-schema-graph\">{\"@context\":\"https:\\\/\\\/schema.org\",\"@graph\":[{\"@type\":\"WebPage\",\"@id\":\"https:\\\/\\\/www.heliberte.com\\\/en\\\/\",\"url\":\"https:\\\/\\\/www.heliberte.com\\\/en\\\/\",\"name\":\"H\u00e9libert\u00e9 H\u00e9licopt\u00e8res, d\u00e9couvrez des sites d'exception\",\"isPartOf\":{\"@id\":\"https:\\\/\\\/www.heliberte.com\\\/en\\\/#website\"},\"primaryImageOfPage\":{\"@id\":\"https:\\\/\\\/www.heliberte.com\\\/en\\\/#primaryimage\"},\"image\":{\"@id\":\"https:\\\/\\\/www.heliberte.com\\\/en\\\/#primaryimage\"},\"thumbnailUrl\":\"https:\\\/\\\/www.heliberte.com\\\/wp-content\\\/uploads\\\/2024\\\/07\\\/Vols-panoramiques-2-300x300.jpg\",\"datePublished\":\"2024-04-19T11:49:04+00:00\",\"dateModified\":\"2024-09-20T10:12:27+00:00\",\"description\":\"La coh\u00e9rence et le travail d'\u00e9quipe. La gestion des facteurs humains o\u00f9 la sagesse l'emporte sur l'orgueil et la vanit\u00e9. La passion d'un m\u00e9tier et du travail ...\",\"breadcrumb\":{\"@id\":\"https:\\\/\\\/www.heliberte.com\\\/en\\\/#breadcrumb\"},\"inLanguage\":\"en-US\",\"potentialAction\":[{\"@type\":\"ReadAction\",\"target\":[\"https:\\\/\\\/www.heliberte.com\\\/en\\\/\"]}]},{\"@type\":\"ImageObject\",\"inLanguage\":\"en-US\",\"@id\":\"https:\\\/\\\/www.heliberte.com\\\/en\\\/#primaryimage\",\"url\":\"https:\\\/\\\/www.heliberte.com\\\/wp-content\\\/uploads\\\/2024\\\/07\\\/Vols-panoramiques-2-300x300.jpg\",\"contentUrl\":\"https:\\\/\\\/www.heliberte.com\\\/wp-content\\\/uploads\\\/2024\\\/07\\\/Vols-panoramiques-2-300x300.jpg\"},{\"@type\":\"BreadcrumbList\",\"@id\":\"https:\\\/\\\/www.heliberte.com\\\/en\\\/#breadcrumb\",\"itemListElement\":[{\"@type\":\"ListItem\",\"position\":1,\"name\":\"Accueil\",\"item\":\"https:\\\/\\\/www.heliberte.com\\\/en\\\/\"},{\"@type\":\"ListItem\",\"position\":2,\"name\":\"Accueil\"}]},{\"@type\":\"WebSite\",\"@id\":\"https:\\\/\\\/www.heliberte.com\\\/en\\\/#website\",\"url\":\"https:\\\/\\\/www.heliberte.com\\\/en\\\/\",\"name\":\"H\u00e9libert\u00e9 in English\",\"description\":\"\",\"potentialAction\":[{\"@type\":\"SearchAction\",\"target\":{\"@type\":\"EntryPoint\",\"urlTemplate\":\"https:\\\/\\\/www.heliberte.com\\\/en\\\/?s={search_term_string}\"},\"query-input\":{\"@type\":\"PropertyValueSpecification\",\"valueRequired\":true,\"valueName\":\"search_term_string\"}}],\"inLanguage\":\"en-US\"}]}<\/script>\n<!-- \/ Yoast SEO plugin. -->","yoast_head_json":{"title":"H\u00e9libert\u00e9 H\u00e9licopt\u00e8res, d\u00e9couvrez des sites d'exception","description":"La coh\u00e9rence et le travail d'\u00e9quipe. La gestion des facteurs humains o\u00f9 la sagesse l'emporte sur l'orgueil et la vanit\u00e9. La passion d'un m\u00e9tier et du travail ...","robots":{"index":"index","follow":"follow","max-snippet":"max-snippet:-1","max-image-preview":"max-image-preview:large","max-video-preview":"max-video-preview:-1"},"canonical":"https:\/\/www.heliberte.com\/en\/","og_locale":"en_US","og_type":"article","og_title":"H\u00e9libert\u00e9 H\u00e9licopt\u00e8res, d\u00e9couvrez des sites d'exception","og_description":"La coh\u00e9rence et le travail d'\u00e9quipe. La gestion des facteurs humains o\u00f9 la sagesse l'emporte sur l'orgueil et la vanit\u00e9. La passion d'un m\u00e9tier et du travail ...","og_url":"https:\/\/www.heliberte.com\/en\/","og_site_name":"H\u00e9libert\u00e9 in English","article_modified_time":"2024-09-20T10:12:27+00:00","og_image":[{"url":"https:\/\/www.heliberte.com\/wp-content\/uploads\/2024\/07\/Vols-panoramiques-2-300x300.jpg","type":"","width":"","height":""}],"twitter_card":"summary_large_image","twitter_misc":{"Est. reading time":"3 minutes"},"schema":{"@context":"https:\/\/schema.org","@graph":[{"@type":"WebPage","@id":"https:\/\/www.heliberte.com\/en\/","url":"https:\/\/www.heliberte.com\/en\/","name":"H\u00e9libert\u00e9 H\u00e9licopt\u00e8res, d\u00e9couvrez des sites d'exception","isPartOf":{"@id":"https:\/\/www.heliberte.com\/en\/#website"},"primaryImageOfPage":{"@id":"https:\/\/www.heliberte.com\/en\/#primaryimage"},"image":{"@id":"https:\/\/www.heliberte.com\/en\/#primaryimage"},"thumbnailUrl":"https:\/\/www.heliberte.com\/wp-content\/uploads\/2024\/07\/Vols-panoramiques-2-300x300.jpg","datePublished":"2024-04-19T11:49:04+00:00","dateModified":"2024-09-20T10:12:27+00:00","description":"La coh\u00e9rence et le travail d'\u00e9quipe. La gestion des facteurs humains o\u00f9 la sagesse l'emporte sur l'orgueil et la vanit\u00e9. La passion d'un m\u00e9tier et du travail ...","breadcrumb":{"@id":"https:\/\/www.heliberte.com\/en\/#breadcrumb"},"inLanguage":"en-US","potentialAction":[{"@type":"ReadAction","target":["https:\/\/www.heliberte.com\/en\/"]}]},{"@type":"ImageObject","inLanguage":"en-US","@id":"https:\/\/www.heliberte.com\/en\/#primaryimage","url":"https:\/\/www.heliberte.com\/wp-content\/uploads\/2024\/07\/Vols-panoramiques-2-300x300.jpg","contentUrl":"https:\/\/www.heliberte.com\/wp-content\/uploads\/2024\/07\/Vols-panoramiques-2-300x300.jpg"},{"@type":"BreadcrumbList","@id":"https:\/\/www.heliberte.com\/en\/#breadcrumb","itemListElement":[{"@type":"ListItem","position":1,"name":"Accueil","item":"https:\/\/www.heliberte.com\/en\/"},{"@type":"ListItem","position":2,"name":"Accueil"}]},{"@type":"WebSite","@id":"https:\/\/www.heliberte.com\/en\/#website","url":"https:\/\/www.heliberte.com\/en\/","name":"H\u00e9libert\u00e9 in English","description":"","potentialAction":[{"@type":"SearchAction","target":{"@type":"EntryPoint","urlTemplate":"https:\/\/www.heliberte.com\/en\/?s={search_term_string}"},"query-input":{"@type":"PropertyValueSpecification","valueRequired":true,"valueName":"search_term_string"}}],"inLanguage":"en-US"}]}},"_links":{"self":[{"href":"https:\/\/www.heliberte.com\/en\/wp-json\/wp\/v2\/pages\/2","targetHints":{"allow":["GET"]}}],"collection":[{"href":"https:\/\/www.heliberte.com\/en\/wp-json\/wp\/v2\/pages"}],"about":[{"href":"https:\/\/www.heliberte.com\/en\/wp-json\/wp\/v2\/types\/page"}],"author":[{"embeddable":true,"href":"https:\/\/www.heliberte.com\/en\/wp-json\/wp\/v2\/users\/1"}],"replies":[{"embeddable":true,"href":"https:\/\/www.heliberte.com\/en\/wp-json\/wp\/v2\/comments?post=2"}],"version-history":[{"count":2,"href":"https:\/\/www.heliberte.com\/en\/wp-json\/wp\/v2\/pages\/2\/revisions"}],"predecessor-version":[{"id":2379,"href":"https:\/\/www.heliberte.com\/en\/wp-json\/wp\/v2\/pages\/2\/revisions\/2379"}],"wp:attachment":[{"href":"https:\/\/www.heliberte.com\/en\/wp-json\/wp\/v2\/media?parent=2"}],"curies":[{"name":"wp","href":"https:\/\/api.w.org\/{rel}","templated":true}]}}