{"id":367,"date":"2024-01-17T10:42:56","date_gmt":"2024-01-17T09:42:56","guid":{"rendered":"https:\/\/www.heliberte.com\/?page_id=367"},"modified":"2024-01-17T10:42:56","modified_gmt":"2024-01-17T09:42:56","slug":"notre-flotte","status":"publish","type":"page","link":"https:\/\/www.heliberte.com\/en\/compagnie\/notre-flotte\/","title":{"rendered":"Notre flotte"},"content":{"rendered":"\n<div style=\"height:30px\" aria-hidden=\"true\" class=\"wp-block-spacer\"><\/div>\n\n\n\n<div class=\"wp-block-columns is-layout-flex wp-container-core-columns-is-layout-9d6595d7 wp-block-columns-is-layout-flex\">\n<div class=\"wp-block-column is-layout-flow wp-block-column-is-layout-flow\">\n<figure class=\"wp-block-image size-full is-style-rounded\"><img decoding=\"async\" src=\"https:\/\/www.heliberte.com\/wp-content\/uploads\/2024\/07\/EC-130-B4.png\" alt=\"\" class=\"wp-image-385\" \/><\/figure>\n\n\n\n<p class=\"has-text-align-center\" style=\"font-size:1.4em\"><strong>F-HNBO<\/strong><br \/><strong><mark style=\"color:#d8a026\" class=\"has-inline-color\">EC 130 B4<\/mark><\/strong><\/p>\n\n\n\n<p><strong>6 places passagers<\/strong><\/p>\n\n\n\n<ul class=\"wp-block-list\">\n<li>Vitesse de croisi\u00e8re :&nbsp;<strong>240 km\/h<\/strong><\/li>\n\n\n\n<li>Motorisation :<strong>Turbomoteur<\/strong><\/li>\n\n\n\n<li>\u00c9quipements :&nbsp;<strong>Ouvre &#8211; portes automatiques<\/strong><\/li>\n<\/ul>\n\n\n\n<p>Le H130 est un h\u00e9licopt\u00e8re monomoteur de taille interm\u00e9diaire con\u00e7u pour le transport de passagers VIP, les vols touristiques..<br \/>Le H130 dispose d\u2019une cabine spacieuse pouvant accueillir un pilote et jusqu\u2019\u00e0 sept passagers selon la configuration.<\/p>\n<\/div>\n\n\n\n<div class=\"wp-block-column is-layout-flow wp-block-column-is-layout-flow\">\n<figure class=\"wp-block-image size-full is-style-rounded\"><img decoding=\"async\" src=\"https:\/\/www.heliberte.com\/wp-content\/uploads\/2024\/07\/AS-350-B3.jpeg\" alt=\"\" class=\"wp-image-386\" \/><\/figure>\n\n\n\n<p class=\"has-text-align-center\" style=\"font-size:1.4em\"><strong>F-HLXO<\/strong><br \/><strong><mark style=\"color:#d8a026\" class=\"has-inline-color\">AS 350 B3<\/mark><\/strong><\/p>\n\n\n\n<p><strong><\/strong><strong>5 places passagers<\/strong><\/p>\n\n\n\n<ul class=\"wp-block-list\">\n<li>Vitesse de croisi\u00e8re : <strong>230 km\/h<\/strong><\/li>\n\n\n\n<li>Motorisation :<strong>Turbine Turbom\u00e9ca ARRIEL 2B (847 Cv)<\/strong><\/li>\n\n\n\n<li>\u00c9quipements : <strong>Porte coulissante &#8211; Flottabilit\u00e9s de secours&nbsp;<\/strong><\/li>\n<\/ul>\n\n\n\n<p>L\u2019AS350&nbsp;est un h\u00e9licopt\u00e8re mono turbine utilitaire l\u00e9ger polyvalent d\u00e9velopp\u00e9 par Eurocopter puis appartenant \u00e0 la flotte d\u2019Airbus Helicopters.&nbsp;<\/p>\n<\/div>\n\n\n\n<div class=\"wp-block-column is-layout-flow wp-block-column-is-layout-flow\">\n<figure class=\"wp-block-image size-full is-style-rounded\"><img decoding=\"async\" src=\"https:\/\/www.heliberte.com\/wp-content\/uploads\/2024\/07\/AS-350-BA-Ecureuil.jpeg\" alt=\"\" class=\"wp-image-387\" \/><\/figure>\n\n\n\n<p class=\"has-text-align-center\" style=\"font-size:1.4em\"><strong>F-GEHV<\/strong><br \/><strong><mark style=\"color:#d8a026\" class=\"has-inline-color\">AS 350 BA \u00c9cureuil<\/mark><\/strong><\/p>\n\n\n\n<p><strong>5 places passagers<\/strong><\/p>\n\n\n\n<ul class=\"wp-block-list\">\n<li>Vitesse de croisi\u00e8re : <strong>220 km\/h<\/strong><\/li>\n\n\n\n<li>Motorisation : <strong>Turbine Turbom\u00e9ca ARRIEL 1B (640 Cv)<\/strong><\/li>\n\n\n\n<li>\u00c9quipements : <strong>Porte coulissante &#8211; Flottabilit\u00e9s de secours<\/strong><\/li>\n<\/ul>\n\n\n\n<p>H\u00e9licopt\u00e8re tr\u00e8s polyvalent : ses diverses versions permettent de remplir l&#8217;ensemble des missions courantes, y compris celles de levage de charges.<\/p>\n<\/div>\n<\/div>\n\n\n\n<div style=\"height:30px\" aria-hidden=\"true\" class=\"wp-block-spacer\"><\/div>\n\n\n\n<div class=\"wp-block-columns is-layout-flex wp-container-core-columns-is-layout-9d6595d7 wp-block-columns-is-layout-flex\">\n<div class=\"wp-block-column is-layout-flow wp-block-column-is-layout-flow\">\n<figure class=\"wp-block-image size-full is-style-rounded\"><img decoding=\"async\" src=\"https:\/\/www.heliberte.com\/wp-content\/uploads\/2024\/07\/AS-350-BA.jpeg\" alt=\"\" class=\"wp-image-389\" \/><\/figure>\n\n\n\n<p class=\"has-text-align-center\" style=\"font-size:1.4em\"><strong>F-GDHX<\/strong><br \/><strong><mark style=\"color:#d8a026\" class=\"has-inline-color\">AS 350 BA<\/mark><\/strong><\/p>\n\n\n\n<p><strong>5 places passagers<\/strong><\/p>\n\n\n\n<ul class=\"wp-block-list\">\n<li>Vitesse de croisi\u00e8re <strong>: 220 km\/h<\/strong><\/li>\n\n\n\n<li>Motorisation<strong> : Turbine Turbom\u00e9ca ARRIEL 1B (640 Cv)<\/strong><\/li>\n\n\n\n<li>\u00c9quipements<strong> : Porte coulissante &#8211; Flottabilit\u00e9s de secours<\/strong><\/li>\n<\/ul>\n<\/div>\n\n\n\n<div class=\"wp-block-column is-layout-flow wp-block-column-is-layout-flow\">\n<figure class=\"wp-block-image size-full is-style-rounded\"><img decoding=\"async\" src=\"https:\/\/www.heliberte.com\/wp-content\/uploads\/2024\/07\/AS-350-B2-Ecureuil.jpeg\" alt=\"\" class=\"wp-image-391\" \/><\/figure>\n\n\n\n<p class=\"has-text-align-center\" style=\"font-size:1.4em\"><strong>F-GHMQ<\/strong><br \/><strong><mark style=\"color:#d8a026\" class=\"has-inline-color\">AS 350 B2 \u00c9cureuil<\/mark><\/strong><\/p>\n\n\n\n<p><strong>5 places passagers<\/strong><\/p>\n\n\n\n<ul class=\"wp-block-list\">\n<li>Vitesse de croisi\u00e8re : <strong>230 km\/h<\/strong><\/li>\n\n\n\n<li>Motorisation : <strong>Turbine Turbom\u00e9ca ARRIEL 1B (640 Cv)<\/strong><\/li>\n\n\n\n<li>\u00c9quipements : <strong>Porte coulissante &#8211; Flottabilit\u00e9s de secours<\/strong><\/li>\n<\/ul>\n\n\n\n<p>H\u00e9licopt\u00e8re tr\u00e8s polyvalent : ses diverses versions permettent de remplir l&#8217;ensemble des missions courantes.<\/p>\n<\/div>\n\n\n\n<div class=\"wp-block-column is-layout-flow wp-block-column-is-layout-flow\">\n<figure class=\"wp-block-image size-full is-style-rounded\"><img decoding=\"async\" src=\"https:\/\/www.heliberte.com\/wp-content\/uploads\/2024\/07\/AS-350-B2.png\" alt=\"\" class=\"wp-image-393\" \/><\/figure>\n\n\n\n<p class=\"has-text-align-center\" style=\"font-size:1.4em\"><strong>F-GTRD<\/strong><br \/><strong><mark style=\"color:#d8a026\" class=\"has-inline-color\">AS 350 B2<\/mark><\/strong><\/p>\n\n\n\n<p><strong>5 places passagers<\/strong><\/p>\n\n\n\n<ul class=\"wp-block-list\">\n<li>Vitesse de croisi\u00e8re :&nbsp;<strong>230 km\/h<\/strong><\/li>\n\n\n\n<li>Motorisation :&nbsp;<strong>Turbine Turbom\u00e9ca ARRIEL 1B (640 Cv)<\/strong><\/li>\n\n\n\n<li>\u00c9quipements :&nbsp;<strong>Porte coulissante &#8211; Flottabilit\u00e9s de secours<\/strong><\/li>\n<\/ul>\n<\/div>\n<\/div>\n\n\n\n<div style=\"height:30px\" aria-hidden=\"true\" class=\"wp-block-spacer\"><\/div>\n\n\n\n<div class=\"wp-block-columns is-layout-flex wp-container-core-columns-is-layout-9d6595d7 wp-block-columns-is-layout-flex\">\n<div class=\"wp-block-column is-layout-flow wp-block-column-is-layout-flow\">\n<figure class=\"wp-block-image size-full is-style-rounded\"><img decoding=\"async\" src=\"https:\/\/www.heliberte.com\/wp-content\/uploads\/2024\/07\/AS-350-B2-1.png\" alt=\"\" class=\"wp-image-394\" \/><\/figure>\n\n\n\n<p class=\"has-text-align-center\" style=\"font-size:1.4em\"><strong>F-HPKM<\/strong><br \/><strong><mark style=\"color:#d8a026\" class=\"has-inline-color\">AS 350 B2<\/mark><\/strong><\/p>\n\n\n\n<p><strong><\/strong><strong>5 places passagers<\/strong><\/p>\n\n\n\n<ul class=\"wp-block-list\">\n<li>Vitesse de croisi\u00e8re :&nbsp;<strong>230 km\/h<\/strong><\/li>\n\n\n\n<li>Motorisation :&nbsp;<strong>Turbine Turbom\u00e9ca ARRIEL 1B (640 Cv)<\/strong><\/li>\n\n\n\n<li>\u00c9quipements :&nbsp;<strong>Porte coulissante &#8211; Flottabilit\u00e9s de secours<\/strong><\/li>\n<\/ul>\n<\/div>\n\n\n\n<div class=\"wp-block-column is-layout-flow wp-block-column-is-layout-flow\">\n<figure class=\"wp-block-image size-full is-style-rounded\"><img decoding=\"async\" src=\"https:\/\/www.heliberte.com\/wp-content\/uploads\/2024\/07\/Jet-Ranger.jpeg\" alt=\"\" class=\"wp-image-395\" \/><\/figure>\n\n\n\n<p class=\"has-text-align-center\" style=\"font-size:1.4em\"><strong>F-GKLS<\/strong><br \/><strong><mark style=\"color:#d8a026\" class=\"has-inline-color\">Jet Ranger<\/mark><\/strong><\/p>\n\n\n\n<p><strong>4 places passagers<\/strong><\/p>\n\n\n\n<ul class=\"wp-block-list\">\n<li>Vitesse de croisi\u00e8re : <strong>200 km\/h<\/strong><\/li>\n\n\n\n<li>Motorisation : <strong>Turbine Allison 250 C-20 J (450 Cv)<\/strong><\/li>\n<\/ul>\n\n\n\n<p>Tr\u00e8s c\u00e9l\u00e8bre et m\u00e9diatis\u00e9, il d\u00e9tient un record de long\u00e9vit\u00e9 : plus de 7 300 exemplaires produits entre 1967 et 2008.<\/p>\n<\/div>\n\n\n\n<div class=\"wp-block-column is-layout-flow wp-block-column-is-layout-flow\"><\/div>\n<\/div>\n\n\n\n<p><strong><br \/><br \/><\/strong><\/p>\n","protected":false},"excerpt":{"rendered":"<p>Op\u00e9rationnelle sur toute l&#8217;ann\u00e9e, H\u00e9libert\u00e9 peut r\u00e9pondre \u00e0 toute demande urgente ou anticip\u00e9e.<\/p>\n","protected":false},"author":1,"featured_media":1722,"parent":357,"menu_order":0,"comment_status":"closed","ping_status":"closed","template":"","meta":{"footnotes":""},"class_list":["post-367","page","type-page","status-publish","has-post-thumbnail","hentry"],"yoast_head":"<!-- This site is optimized with the Yoast SEO plugin v27.3 - https:\/\/yoast.com\/product\/yoast-seo-wordpress\/ -->\n<title>Notre flotte - H\u00e9libert\u00e9 in English<\/title>\n<meta name=\"robots\" content=\"index, follow, max-snippet:-1, max-image-preview:large, max-video-preview:-1\" \/>\n<link rel=\"canonical\" href=\"https:\/\/www.heliberte.com\/en\/compagnie\/notre-flotte\/\" \/>\n<meta property=\"og:locale\" content=\"en_US\" \/>\n<meta property=\"og:type\" content=\"article\" \/>\n<meta property=\"og:title\" content=\"Notre flotte - H\u00e9libert\u00e9 in English\" \/>\n<meta property=\"og:description\" content=\"Op\u00e9rationnelle sur toute l&#039;ann\u00e9e, H\u00e9libert\u00e9 peut r\u00e9pondre \u00e0 toute demande urgente ou anticip\u00e9e.\" \/>\n<meta property=\"og:url\" content=\"https:\/\/www.heliberte.com\/en\/compagnie\/notre-flotte\/\" \/>\n<meta property=\"og:site_name\" content=\"H\u00e9libert\u00e9 in English\" \/>\n<meta name=\"twitter:card\" content=\"summary_large_image\" \/>\n<meta name=\"twitter:label1\" content=\"Est. reading time\" \/>\n\t<meta name=\"twitter:data1\" content=\"2 minutes\" \/>\n<script type=\"application\/ld+json\" class=\"yoast-schema-graph\">{\"@context\":\"https:\\\/\\\/schema.org\",\"@graph\":[{\"@type\":\"WebPage\",\"@id\":\"https:\\\/\\\/www.heliberte.com\\\/en\\\/compagnie\\\/notre-flotte\\\/\",\"url\":\"https:\\\/\\\/www.heliberte.com\\\/en\\\/compagnie\\\/notre-flotte\\\/\",\"name\":\"Notre flotte - H\u00e9libert\u00e9 in English\",\"isPartOf\":{\"@id\":\"https:\\\/\\\/www.heliberte.com\\\/en\\\/#website\"},\"primaryImageOfPage\":{\"@id\":\"https:\\\/\\\/www.heliberte.com\\\/en\\\/compagnie\\\/notre-flotte\\\/#primaryimage\"},\"image\":{\"@id\":\"https:\\\/\\\/www.heliberte.com\\\/en\\\/compagnie\\\/notre-flotte\\\/#primaryimage\"},\"thumbnailUrl\":\"\",\"datePublished\":\"2024-01-17T09:42:56+00:00\",\"breadcrumb\":{\"@id\":\"https:\\\/\\\/www.heliberte.com\\\/en\\\/compagnie\\\/notre-flotte\\\/#breadcrumb\"},\"inLanguage\":\"en-US\",\"potentialAction\":[{\"@type\":\"ReadAction\",\"target\":[\"https:\\\/\\\/www.heliberte.com\\\/en\\\/compagnie\\\/notre-flotte\\\/\"]}]},{\"@type\":\"ImageObject\",\"inLanguage\":\"en-US\",\"@id\":\"https:\\\/\\\/www.heliberte.com\\\/en\\\/compagnie\\\/notre-flotte\\\/#primaryimage\",\"url\":\"\",\"contentUrl\":\"\"},{\"@type\":\"BreadcrumbList\",\"@id\":\"https:\\\/\\\/www.heliberte.com\\\/en\\\/compagnie\\\/notre-flotte\\\/#breadcrumb\",\"itemListElement\":[{\"@type\":\"ListItem\",\"position\":1,\"name\":\"Accueil\",\"item\":\"https:\\\/\\\/www.heliberte.com\\\/en\\\/\"},{\"@type\":\"ListItem\",\"position\":2,\"name\":\"Compagnie\",\"item\":\"https:\\\/\\\/www.heliberte.com\\\/en\\\/compagnie\\\/\"},{\"@type\":\"ListItem\",\"position\":3,\"name\":\"Notre flotte\"}]},{\"@type\":\"WebSite\",\"@id\":\"https:\\\/\\\/www.heliberte.com\\\/en\\\/#website\",\"url\":\"https:\\\/\\\/www.heliberte.com\\\/en\\\/\",\"name\":\"H\u00e9libert\u00e9 in English\",\"description\":\"\",\"potentialAction\":[{\"@type\":\"SearchAction\",\"target\":{\"@type\":\"EntryPoint\",\"urlTemplate\":\"https:\\\/\\\/www.heliberte.com\\\/en\\\/?s={search_term_string}\"},\"query-input\":{\"@type\":\"PropertyValueSpecification\",\"valueRequired\":true,\"valueName\":\"search_term_string\"}}],\"inLanguage\":\"en-US\"}]}<\/script>\n<!-- \/ Yoast SEO plugin. -->","yoast_head_json":{"title":"Notre flotte - H\u00e9libert\u00e9 in English","robots":{"index":"index","follow":"follow","max-snippet":"max-snippet:-1","max-image-preview":"max-image-preview:large","max-video-preview":"max-video-preview:-1"},"canonical":"https:\/\/www.heliberte.com\/en\/compagnie\/notre-flotte\/","og_locale":"en_US","og_type":"article","og_title":"Notre flotte - H\u00e9libert\u00e9 in English","og_description":"Op\u00e9rationnelle sur toute l'ann\u00e9e, H\u00e9libert\u00e9 peut r\u00e9pondre \u00e0 toute demande urgente ou anticip\u00e9e.","og_url":"https:\/\/www.heliberte.com\/en\/compagnie\/notre-flotte\/","og_site_name":"H\u00e9libert\u00e9 in English","twitter_card":"summary_large_image","twitter_misc":{"Est. reading time":"2 minutes"},"schema":{"@context":"https:\/\/schema.org","@graph":[{"@type":"WebPage","@id":"https:\/\/www.heliberte.com\/en\/compagnie\/notre-flotte\/","url":"https:\/\/www.heliberte.com\/en\/compagnie\/notre-flotte\/","name":"Notre flotte - H\u00e9libert\u00e9 in English","isPartOf":{"@id":"https:\/\/www.heliberte.com\/en\/#website"},"primaryImageOfPage":{"@id":"https:\/\/www.heliberte.com\/en\/compagnie\/notre-flotte\/#primaryimage"},"image":{"@id":"https:\/\/www.heliberte.com\/en\/compagnie\/notre-flotte\/#primaryimage"},"thumbnailUrl":"","datePublished":"2024-01-17T09:42:56+00:00","breadcrumb":{"@id":"https:\/\/www.heliberte.com\/en\/compagnie\/notre-flotte\/#breadcrumb"},"inLanguage":"en-US","potentialAction":[{"@type":"ReadAction","target":["https:\/\/www.heliberte.com\/en\/compagnie\/notre-flotte\/"]}]},{"@type":"ImageObject","inLanguage":"en-US","@id":"https:\/\/www.heliberte.com\/en\/compagnie\/notre-flotte\/#primaryimage","url":"","contentUrl":""},{"@type":"BreadcrumbList","@id":"https:\/\/www.heliberte.com\/en\/compagnie\/notre-flotte\/#breadcrumb","itemListElement":[{"@type":"ListItem","position":1,"name":"Accueil","item":"https:\/\/www.heliberte.com\/en\/"},{"@type":"ListItem","position":2,"name":"Compagnie","item":"https:\/\/www.heliberte.com\/en\/compagnie\/"},{"@type":"ListItem","position":3,"name":"Notre flotte"}]},{"@type":"WebSite","@id":"https:\/\/www.heliberte.com\/en\/#website","url":"https:\/\/www.heliberte.com\/en\/","name":"H\u00e9libert\u00e9 in English","description":"","potentialAction":[{"@type":"SearchAction","target":{"@type":"EntryPoint","urlTemplate":"https:\/\/www.heliberte.com\/en\/?s={search_term_string}"},"query-input":{"@type":"PropertyValueSpecification","valueRequired":true,"valueName":"search_term_string"}}],"inLanguage":"en-US"}]}},"_links":{"self":[{"href":"https:\/\/www.heliberte.com\/en\/wp-json\/wp\/v2\/pages\/367","targetHints":{"allow":["GET"]}}],"collection":[{"href":"https:\/\/www.heliberte.com\/en\/wp-json\/wp\/v2\/pages"}],"about":[{"href":"https:\/\/www.heliberte.com\/en\/wp-json\/wp\/v2\/types\/page"}],"author":[{"embeddable":true,"href":"https:\/\/www.heliberte.com\/en\/wp-json\/wp\/v2\/users\/1"}],"replies":[{"embeddable":true,"href":"https:\/\/www.heliberte.com\/en\/wp-json\/wp\/v2\/comments?post=367"}],"version-history":[{"count":0,"href":"https:\/\/www.heliberte.com\/en\/wp-json\/wp\/v2\/pages\/367\/revisions"}],"up":[{"embeddable":true,"href":"https:\/\/www.heliberte.com\/en\/wp-json\/wp\/v2\/pages\/357"}],"wp:featuredmedia":[{"embeddable":true,"href":"https:\/\/www.heliberte.com\/en\/wp-json\/"}],"wp:attachment":[{"href":"https:\/\/www.heliberte.com\/en\/wp-json\/wp\/v2\/media?parent=367"}],"curies":[{"name":"wp","href":"https:\/\/api.w.org\/{rel}","templated":true}]}}