{"id":515,"date":"2024-05-16T10:15:27","date_gmt":"2024-05-16T08:15:27","guid":{"rendered":"https:\/\/www.heliberte.com\/?page_id=515"},"modified":"2024-05-16T10:15:27","modified_gmt":"2024-05-16T08:15:27","slug":"formations","status":"publish","type":"page","link":"https:\/\/www.heliberte.com\/en\/compagnie\/formations\/","title":{"rendered":"\u00c9cole de pilotage"},"content":{"rendered":"\n<div class=\"wp-block-columns is-layout-flex wp-container-core-columns-is-layout-9d6595d7 wp-block-columns-is-layout-flex\">\n<div class=\"wp-block-column is-vertically-aligned-center is-layout-flow wp-block-column-is-layout-flow\">\n<h2 class=\"wp-block-heading\">La Licence de Pilote Priv\u00e9 H\u00e9licopt\u00e8re (PPL-H)<\/h2>\n\n\n\n<p><strong>Conditions d\u2019admission<\/strong>&#8211; Avoir 17 ans&nbsp;&nbsp;et poss\u00e9der un certificat m\u00e9dical de classe 2 ou 1 valide, d\u00e9livr\u00e9 par m\u00e9decin agr\u00e9\u00e9 par l&#8217;aviation civile<br \/><strong><br \/>La&nbsp;&nbsp;dur\u00e9e <\/strong>de formation d\u00e9pend de la capacit\u00e9 de chacun \u00e0 assimiler de nouvelles connaissances. Il faut voler au moins une fois par semaine pour assurer une bonne progression. G\u00e9n\u00e9ralement, il faut compter entre 6 et 18 mois pour obtenir sa licence.<\/p>\n\n\n\n<div style=\"height:30px\" aria-hidden=\"true\" class=\"wp-block-spacer\"><\/div>\n\n\n\n<div class=\"wp-block-buttons is-content-justification-left is-layout-flex wp-container-core-buttons-is-layout-fdcfc74e wp-block-buttons-is-layout-flex\">\n<div class=\"wp-block-button\"><a class=\"wp-block-button__link wp-element-button\" href=\"https:\/\/www.heliberte.com\/contact\/\">Contactez-nous<\/a><\/div>\n<\/div>\n<\/div>\n\n\n\n<div class=\"wp-block-column is-vertically-aligned-center is-layout-flow wp-block-column-is-layout-flow\">\n<figure class=\"wp-block-image size-full is-resized\"><img decoding=\"async\" src=\"https:\/\/www.heliberte.com\/wp-content\/uploads\/2024\/07\/Ecole-1.png\" alt=\"\" class=\"wp-image-518\" style=\"aspect-ratio:1;object-fit:cover;width:560px\" \/><\/figure>\n<\/div>\n<\/div>\n\n\n\n<div style=\"height:60px\" aria-hidden=\"true\" class=\"wp-block-spacer\"><\/div>\n\n\n\n<div class=\"wp-block-columns is-layout-flex wp-container-core-columns-is-layout-9d6595d7 wp-block-columns-is-layout-flex\">\n<div class=\"wp-block-column is-vertically-aligned-center is-layout-flow wp-block-column-is-layout-flow\">\n<figure class=\"wp-block-image size-full is-resized\"><img decoding=\"async\" src=\"https:\/\/www.heliberte.com\/wp-content\/uploads\/2024\/07\/Ecole-2.jpeg\" alt=\"\" class=\"wp-image-519\" style=\"aspect-ratio:1;object-fit:cover;width:560px\" \/><\/figure>\n<\/div>\n\n\n\n<div class=\"wp-block-column is-vertically-aligned-center is-layout-flow wp-block-column-is-layout-flow\">\n<h2 class=\"wp-block-heading\">Formation<\/h2>\n\n\n\n<h3 class=\"wp-block-heading\"><strong>Th\u00e9orie<\/strong><\/h3>\n\n\n\n<p>&#8211; Cours de pr\u00e9paration \u00e0 l\u2019examen th\u00e9orique en ligne (<strong>E-Learning<\/strong>). Vous travaillez \u00e0 votre rythme quand vous voulez et d&#8217;o\u00f9 que vous soyez sur votre tablette ou ordinateur.<br \/><br \/>&#8211; 10 % du volume th\u00e9orique sera effectu\u00e9 dans le centre de formation pour valider vos acquis lors&nbsp;<strong>de cours au sol, briefings et d\u00e9briefings<\/strong> avant et apr\u00e8s chaque vol.- Avoir r\u00e9ussi son examen th\u00e9orique : 75 % de r\u00e9ussite minimum aux QCM pour valider l\u2019examen th\u00e9orique d\u00e9livr\u00e9 par l\u2019aviation civile.<\/p>\n<\/div>\n<\/div>\n\n\n\n<div style=\"height:60px\" aria-hidden=\"true\" class=\"wp-block-spacer\"><\/div>\n\n\n\n<h3 class=\"wp-block-heading has-text-align-center\">Pratique<\/h3>\n\n\n\n<p class=\"has-text-align-center\"><strong>45 Heures de vol<\/strong> dont&nbsp;<strong>35 heures de vol en double commande<\/strong> avec un instructeur (r\u00e9duit \u00e0 29 heures de vol si le candidat est d\u00e9j\u00e0 titulaire d\u2019une licence de pilote avion avec au moins 60 heures de vol en tant que commandant de bord)<br \/><br \/><strong>10 heures de vol en solo<\/strong> incluant 5h de vol en campagne dont 1 navigation de 100 NM (185km) avec 2 atterrissages sur 2 a\u00e9rodromes diff\u00e9rents de celui de d\u00e9part.<\/p>\n\n\n\n<div style=\"height:60px\" aria-hidden=\"true\" class=\"wp-block-spacer\"><\/div>\n\n\n\n<div class=\"wp-block-columns is-layout-flex wp-container-core-columns-is-layout-9d6595d7 wp-block-columns-is-layout-flex\">\n<div class=\"wp-block-column is-vertically-aligned-center is-layout-flow wp-block-column-is-layout-flow\">\n<h2 class=\"wp-block-heading\">Les grandes \u00e9tapes de la formation<\/h2>\n\n\n\n<p>Au long de votre formation, vous allez traverser de nombreuses phases, vivre des moments de doute, mais \u00e9galement avoir de grandes satisfactions :<br \/>&#8211; 1 La d\u00e9couverte de la machine avec cette sensibilit\u00e9 au pilotage<br \/>&#8211; 2 Le &#8220;l\u00e2ch\u00e9&#8221; redout\u00e9 et attendu (par l\u2019ensemble des \u00e9l\u00e8ves). Apr\u00e8s des heures de formation en double commande, il sera temps de prendre votre envol seul! Votre&nbsp;&nbsp;instructeur restera au sol. Un moment inoubliable pour l\u2019ensemble des pilotes qu&#8217;ils soient priv\u00e9s ou professionnels<br \/>&#8211; 3 Le premier d\u00e9part seul en navigation, au-del\u00e0 de&nbsp;&nbsp;l\u2019a\u00e9rodrome de la baule.<br \/>Apr\u00e8s votre formation, vous pourrez voler en h\u00e9licopt\u00e8re, seul, en famille ou avec vos amis!<\/p>\n<\/div>\n\n\n\n<div class=\"wp-block-column is-vertically-aligned-center is-layout-flow wp-block-column-is-layout-flow\">\n<figure class=\"wp-block-image size-full is-resized\"><img decoding=\"async\" src=\"https:\/\/www.heliberte.com\/wp-content\/uploads\/2024\/07\/Ecole-3.jpeg\" alt=\"\" class=\"wp-image-520\" style=\"width:560px\" \/><\/figure>\n<\/div>\n<\/div>\n\n\n\n<div style=\"height:60px\" aria-hidden=\"true\" class=\"wp-block-spacer\"><\/div>\n\n\n\n<h2 class=\"wp-block-heading has-text-align-center\">Pour vous donner envie &#8230;<\/h2>\n\n\n\n<p class=\"has-text-align-center\">Pour vous donner un avant-go\u00fbt du pilotage h\u00e9licopt\u00e8re nous vous proposons des <strong><a href=\"https:\/\/secure.reservit.com\/rsl\/booking\/indexmodal.php?customerid=1654\" target=\"_blank\" rel=\"noreferrer noopener\">vols d&#8217;initiation en Robinson 44<\/a><\/strong>, dont le temps de vol pourra \u00eatre comptabilis\u00e9 dans votre formation.<\/p>\n\n\n\n<div class=\"wp-block-buttons is-content-justification-center is-layout-flex wp-container-core-buttons-is-layout-16018d1d wp-block-buttons-is-layout-flex\">\n<div class=\"wp-block-button\"><a class=\"wp-block-button__link wp-element-button\" href=\"https:\/\/www.heliberte.com\/contact\/\">Contactez-nous<\/a><\/div>\n<\/div>\n","protected":false},"excerpt":{"rendered":"<p>Votre passeport pour voler en toute libert\u00e9 et d\u00e9couvrir le monde depuis les airs.<\/p>\n","protected":false},"author":1,"featured_media":1725,"parent":357,"menu_order":0,"comment_status":"closed","ping_status":"closed","template":"","meta":{"footnotes":""},"class_list":["post-515","page","type-page","status-publish","has-post-thumbnail","hentry"],"yoast_head":"<!-- This site is optimized with the Yoast SEO plugin v27.3 - https:\/\/yoast.com\/product\/yoast-seo-wordpress\/ -->\n<title>\u00c9cole de pilotage - H\u00e9libert\u00e9 in English<\/title>\n<meta name=\"robots\" content=\"index, follow, max-snippet:-1, max-image-preview:large, max-video-preview:-1\" \/>\n<link rel=\"canonical\" href=\"https:\/\/www.heliberte.com\/en\/compagnie\/formations\/\" \/>\n<meta property=\"og:locale\" content=\"en_US\" \/>\n<meta property=\"og:type\" content=\"article\" \/>\n<meta property=\"og:title\" content=\"\u00c9cole de pilotage - H\u00e9libert\u00e9 in English\" \/>\n<meta property=\"og:description\" content=\"Votre passeport pour voler en toute libert\u00e9 et d\u00e9couvrir le monde depuis les airs.\" \/>\n<meta property=\"og:url\" content=\"https:\/\/www.heliberte.com\/en\/compagnie\/formations\/\" \/>\n<meta property=\"og:site_name\" content=\"H\u00e9libert\u00e9 in English\" \/>\n<meta name=\"twitter:card\" content=\"summary_large_image\" \/>\n<meta name=\"twitter:label1\" content=\"Est. reading time\" \/>\n\t<meta name=\"twitter:data1\" content=\"3 minutes\" \/>\n<script type=\"application\/ld+json\" class=\"yoast-schema-graph\">{\"@context\":\"https:\\\/\\\/schema.org\",\"@graph\":[{\"@type\":\"WebPage\",\"@id\":\"https:\\\/\\\/www.heliberte.com\\\/en\\\/compagnie\\\/formations\\\/\",\"url\":\"https:\\\/\\\/www.heliberte.com\\\/en\\\/compagnie\\\/formations\\\/\",\"name\":\"\u00c9cole de pilotage - H\u00e9libert\u00e9 in English\",\"isPartOf\":{\"@id\":\"https:\\\/\\\/www.heliberte.com\\\/en\\\/#website\"},\"primaryImageOfPage\":{\"@id\":\"https:\\\/\\\/www.heliberte.com\\\/en\\\/compagnie\\\/formations\\\/#primaryimage\"},\"image\":{\"@id\":\"https:\\\/\\\/www.heliberte.com\\\/en\\\/compagnie\\\/formations\\\/#primaryimage\"},\"thumbnailUrl\":\"\",\"datePublished\":\"2024-05-16T08:15:27+00:00\",\"breadcrumb\":{\"@id\":\"https:\\\/\\\/www.heliberte.com\\\/en\\\/compagnie\\\/formations\\\/#breadcrumb\"},\"inLanguage\":\"en-US\",\"potentialAction\":[{\"@type\":\"ReadAction\",\"target\":[\"https:\\\/\\\/www.heliberte.com\\\/en\\\/compagnie\\\/formations\\\/\"]}]},{\"@type\":\"ImageObject\",\"inLanguage\":\"en-US\",\"@id\":\"https:\\\/\\\/www.heliberte.com\\\/en\\\/compagnie\\\/formations\\\/#primaryimage\",\"url\":\"\",\"contentUrl\":\"\"},{\"@type\":\"BreadcrumbList\",\"@id\":\"https:\\\/\\\/www.heliberte.com\\\/en\\\/compagnie\\\/formations\\\/#breadcrumb\",\"itemListElement\":[{\"@type\":\"ListItem\",\"position\":1,\"name\":\"Accueil\",\"item\":\"https:\\\/\\\/www.heliberte.com\\\/en\\\/\"},{\"@type\":\"ListItem\",\"position\":2,\"name\":\"Compagnie\",\"item\":\"https:\\\/\\\/www.heliberte.com\\\/en\\\/compagnie\\\/\"},{\"@type\":\"ListItem\",\"position\":3,\"name\":\"\u00c9cole de pilotage\"}]},{\"@type\":\"WebSite\",\"@id\":\"https:\\\/\\\/www.heliberte.com\\\/en\\\/#website\",\"url\":\"https:\\\/\\\/www.heliberte.com\\\/en\\\/\",\"name\":\"H\u00e9libert\u00e9 in English\",\"description\":\"\",\"potentialAction\":[{\"@type\":\"SearchAction\",\"target\":{\"@type\":\"EntryPoint\",\"urlTemplate\":\"https:\\\/\\\/www.heliberte.com\\\/en\\\/?s={search_term_string}\"},\"query-input\":{\"@type\":\"PropertyValueSpecification\",\"valueRequired\":true,\"valueName\":\"search_term_string\"}}],\"inLanguage\":\"en-US\"}]}<\/script>\n<!-- \/ Yoast SEO plugin. -->","yoast_head_json":{"title":"\u00c9cole de pilotage - H\u00e9libert\u00e9 in English","robots":{"index":"index","follow":"follow","max-snippet":"max-snippet:-1","max-image-preview":"max-image-preview:large","max-video-preview":"max-video-preview:-1"},"canonical":"https:\/\/www.heliberte.com\/en\/compagnie\/formations\/","og_locale":"en_US","og_type":"article","og_title":"\u00c9cole de pilotage - H\u00e9libert\u00e9 in English","og_description":"Votre passeport pour voler en toute libert\u00e9 et d\u00e9couvrir le monde depuis les airs.","og_url":"https:\/\/www.heliberte.com\/en\/compagnie\/formations\/","og_site_name":"H\u00e9libert\u00e9 in English","twitter_card":"summary_large_image","twitter_misc":{"Est. reading time":"3 minutes"},"schema":{"@context":"https:\/\/schema.org","@graph":[{"@type":"WebPage","@id":"https:\/\/www.heliberte.com\/en\/compagnie\/formations\/","url":"https:\/\/www.heliberte.com\/en\/compagnie\/formations\/","name":"\u00c9cole de pilotage - H\u00e9libert\u00e9 in English","isPartOf":{"@id":"https:\/\/www.heliberte.com\/en\/#website"},"primaryImageOfPage":{"@id":"https:\/\/www.heliberte.com\/en\/compagnie\/formations\/#primaryimage"},"image":{"@id":"https:\/\/www.heliberte.com\/en\/compagnie\/formations\/#primaryimage"},"thumbnailUrl":"","datePublished":"2024-05-16T08:15:27+00:00","breadcrumb":{"@id":"https:\/\/www.heliberte.com\/en\/compagnie\/formations\/#breadcrumb"},"inLanguage":"en-US","potentialAction":[{"@type":"ReadAction","target":["https:\/\/www.heliberte.com\/en\/compagnie\/formations\/"]}]},{"@type":"ImageObject","inLanguage":"en-US","@id":"https:\/\/www.heliberte.com\/en\/compagnie\/formations\/#primaryimage","url":"","contentUrl":""},{"@type":"BreadcrumbList","@id":"https:\/\/www.heliberte.com\/en\/compagnie\/formations\/#breadcrumb","itemListElement":[{"@type":"ListItem","position":1,"name":"Accueil","item":"https:\/\/www.heliberte.com\/en\/"},{"@type":"ListItem","position":2,"name":"Compagnie","item":"https:\/\/www.heliberte.com\/en\/compagnie\/"},{"@type":"ListItem","position":3,"name":"\u00c9cole de pilotage"}]},{"@type":"WebSite","@id":"https:\/\/www.heliberte.com\/en\/#website","url":"https:\/\/www.heliberte.com\/en\/","name":"H\u00e9libert\u00e9 in English","description":"","potentialAction":[{"@type":"SearchAction","target":{"@type":"EntryPoint","urlTemplate":"https:\/\/www.heliberte.com\/en\/?s={search_term_string}"},"query-input":{"@type":"PropertyValueSpecification","valueRequired":true,"valueName":"search_term_string"}}],"inLanguage":"en-US"}]}},"_links":{"self":[{"href":"https:\/\/www.heliberte.com\/en\/wp-json\/wp\/v2\/pages\/515","targetHints":{"allow":["GET"]}}],"collection":[{"href":"https:\/\/www.heliberte.com\/en\/wp-json\/wp\/v2\/pages"}],"about":[{"href":"https:\/\/www.heliberte.com\/en\/wp-json\/wp\/v2\/types\/page"}],"author":[{"embeddable":true,"href":"https:\/\/www.heliberte.com\/en\/wp-json\/wp\/v2\/users\/1"}],"replies":[{"embeddable":true,"href":"https:\/\/www.heliberte.com\/en\/wp-json\/wp\/v2\/comments?post=515"}],"version-history":[{"count":0,"href":"https:\/\/www.heliberte.com\/en\/wp-json\/wp\/v2\/pages\/515\/revisions"}],"up":[{"embeddable":true,"href":"https:\/\/www.heliberte.com\/en\/wp-json\/wp\/v2\/pages\/357"}],"wp:featuredmedia":[{"embeddable":true,"href":"https:\/\/www.heliberte.com\/en\/wp-json\/"}],"wp:attachment":[{"href":"https:\/\/www.heliberte.com\/en\/wp-json\/wp\/v2\/media?parent=515"}],"curies":[{"name":"wp","href":"https:\/\/api.w.org\/{rel}","templated":true}]}}