{"id":716,"date":"2024-08-01T15:01:46","date_gmt":"2024-08-01T13:01:46","guid":{"rendered":"https:\/\/www.heliberte.com\/?page_id=716"},"modified":"2024-08-01T15:01:46","modified_gmt":"2024-08-01T13:01:46","slug":"atelier","status":"publish","type":"page","link":"https:\/\/www.heliberte.com\/en\/atelier\/","title":{"rendered":"Atelier"},"content":{"rendered":"\n<h2 class=\"wp-block-heading has-text-align-center\"><strong>L&#8217;excellence a\u00e9ronautique \u00e0 votre service<\/strong><\/h2>\n\n\n\n<p class=\"has-text-align-center\">Navigabilit\u00e9 et maintenance\u2026 Tout est r\u00e9uni \u00e0 l&#8217;atelier H\u00e9libert\u00e9 pour garantir votre s\u00e9curit\u00e9. B\u00e9n\u00e9ficiez de notre expertise pour entretenir votre a\u00e9ronef dans les meilleures conditions.<\/p>\n\n\n\n<div style=\"height:60px\" aria-hidden=\"true\" class=\"wp-block-spacer\"><\/div>\n\n\n<div class=\"grid g-1 g-m-12 gt-5\"><a href=\"https:\/\/www.heliberte.com\/en\/atelier\/navigabilite\/\" title=\"Navigabilit\u00e9\" class=\"gc-m-6 post-wrap-company template-company\"><span class=\"wrapper flex f-1\"><span class=\"post-title\">Navigabilit\u00e9<\/span><span class=\"post-excerpt\">La navigabilit\u00e9 de votre a\u00e9ronef garantit des vols s\u00fbrs et conformes aux r\u00e9glementations.<\/span><\/span><\/a><a href=\"https:\/\/www.heliberte.com\/en\/atelier\/maintenance\/\" title=\"R\u00e9paration \/ Maintenance\" class=\"gc-m-6 post-wrap-company template-company\"><span class=\"wrapper flex f-1\"><span class=\"post-title\">R\u00e9paration \/ Maintenance<\/span><span class=\"post-excerpt\">Votre a\u00e9ronef m\u00e9rite le meilleur pour garantir votre s\u00e9curit\u00e9 \u00e0 chaque vol. <\/span><\/span><\/a><\/div>\n","protected":false},"excerpt":{"rendered":"<p>L&#8217;excellence a\u00e9ronautique \u00e0 votre service Navigabilit\u00e9 et maintenance\u2026 Tout est r\u00e9uni \u00e0 l&#8217;atelier H\u00e9libert\u00e9 pour garantir votre s\u00e9curit\u00e9. B\u00e9n\u00e9ficiez de notre expertise pour entretenir votre a\u00e9ronef dans les meilleures conditions.<\/p>\n","protected":false},"author":1,"featured_media":1586,"parent":0,"menu_order":0,"comment_status":"closed","ping_status":"closed","template":"","meta":{"footnotes":""},"class_list":["post-716","page","type-page","status-publish","has-post-thumbnail","hentry"],"yoast_head":"<!-- This site is optimized with the Yoast SEO plugin v27.3 - https:\/\/yoast.com\/product\/yoast-seo-wordpress\/ -->\n<title>Atelier - H\u00e9libert\u00e9 in English<\/title>\n<meta name=\"robots\" content=\"index, follow, max-snippet:-1, max-image-preview:large, max-video-preview:-1\" \/>\n<link rel=\"canonical\" href=\"https:\/\/www.heliberte.com\/en\/atelier\/\" \/>\n<meta property=\"og:locale\" content=\"en_US\" \/>\n<meta property=\"og:type\" content=\"article\" \/>\n<meta property=\"og:title\" content=\"Atelier - H\u00e9libert\u00e9 in English\" \/>\n<meta property=\"og:description\" content=\"L&#8217;excellence a\u00e9ronautique \u00e0 votre service Navigabilit\u00e9 et maintenance\u2026 Tout est r\u00e9uni \u00e0 l&#8217;atelier H\u00e9libert\u00e9 pour garantir votre s\u00e9curit\u00e9. B\u00e9n\u00e9ficiez de notre expertise pour entretenir votre a\u00e9ronef dans les meilleures conditions.\" \/>\n<meta property=\"og:url\" content=\"https:\/\/www.heliberte.com\/en\/atelier\/\" \/>\n<meta property=\"og:site_name\" content=\"H\u00e9libert\u00e9 in English\" \/>\n<meta name=\"twitter:card\" content=\"summary_large_image\" \/>\n<script type=\"application\/ld+json\" class=\"yoast-schema-graph\">{\"@context\":\"https:\\\/\\\/schema.org\",\"@graph\":[{\"@type\":\"WebPage\",\"@id\":\"https:\\\/\\\/www.heliberte.com\\\/en\\\/atelier\\\/\",\"url\":\"https:\\\/\\\/www.heliberte.com\\\/en\\\/atelier\\\/\",\"name\":\"Atelier - H\u00e9libert\u00e9 in English\",\"isPartOf\":{\"@id\":\"https:\\\/\\\/www.heliberte.com\\\/en\\\/#website\"},\"primaryImageOfPage\":{\"@id\":\"https:\\\/\\\/www.heliberte.com\\\/en\\\/atelier\\\/#primaryimage\"},\"image\":{\"@id\":\"https:\\\/\\\/www.heliberte.com\\\/en\\\/atelier\\\/#primaryimage\"},\"thumbnailUrl\":\"\",\"datePublished\":\"2024-08-01T13:01:46+00:00\",\"breadcrumb\":{\"@id\":\"https:\\\/\\\/www.heliberte.com\\\/en\\\/atelier\\\/#breadcrumb\"},\"inLanguage\":\"en-US\",\"potentialAction\":[{\"@type\":\"ReadAction\",\"target\":[\"https:\\\/\\\/www.heliberte.com\\\/en\\\/atelier\\\/\"]}]},{\"@type\":\"ImageObject\",\"inLanguage\":\"en-US\",\"@id\":\"https:\\\/\\\/www.heliberte.com\\\/en\\\/atelier\\\/#primaryimage\",\"url\":\"\",\"contentUrl\":\"\"},{\"@type\":\"BreadcrumbList\",\"@id\":\"https:\\\/\\\/www.heliberte.com\\\/en\\\/atelier\\\/#breadcrumb\",\"itemListElement\":[{\"@type\":\"ListItem\",\"position\":1,\"name\":\"Accueil\",\"item\":\"https:\\\/\\\/www.heliberte.com\\\/en\\\/\"},{\"@type\":\"ListItem\",\"position\":2,\"name\":\"Atelier\"}]},{\"@type\":\"WebSite\",\"@id\":\"https:\\\/\\\/www.heliberte.com\\\/en\\\/#website\",\"url\":\"https:\\\/\\\/www.heliberte.com\\\/en\\\/\",\"name\":\"H\u00e9libert\u00e9 in English\",\"description\":\"\",\"potentialAction\":[{\"@type\":\"SearchAction\",\"target\":{\"@type\":\"EntryPoint\",\"urlTemplate\":\"https:\\\/\\\/www.heliberte.com\\\/en\\\/?s={search_term_string}\"},\"query-input\":{\"@type\":\"PropertyValueSpecification\",\"valueRequired\":true,\"valueName\":\"search_term_string\"}}],\"inLanguage\":\"en-US\"}]}<\/script>\n<!-- \/ Yoast SEO plugin. -->","yoast_head_json":{"title":"Atelier - H\u00e9libert\u00e9 in English","robots":{"index":"index","follow":"follow","max-snippet":"max-snippet:-1","max-image-preview":"max-image-preview:large","max-video-preview":"max-video-preview:-1"},"canonical":"https:\/\/www.heliberte.com\/en\/atelier\/","og_locale":"en_US","og_type":"article","og_title":"Atelier - H\u00e9libert\u00e9 in English","og_description":"L&#8217;excellence a\u00e9ronautique \u00e0 votre service Navigabilit\u00e9 et maintenance\u2026 Tout est r\u00e9uni \u00e0 l&#8217;atelier H\u00e9libert\u00e9 pour garantir votre s\u00e9curit\u00e9. B\u00e9n\u00e9ficiez de notre expertise pour entretenir votre a\u00e9ronef dans les meilleures conditions.","og_url":"https:\/\/www.heliberte.com\/en\/atelier\/","og_site_name":"H\u00e9libert\u00e9 in English","twitter_card":"summary_large_image","schema":{"@context":"https:\/\/schema.org","@graph":[{"@type":"WebPage","@id":"https:\/\/www.heliberte.com\/en\/atelier\/","url":"https:\/\/www.heliberte.com\/en\/atelier\/","name":"Atelier - H\u00e9libert\u00e9 in English","isPartOf":{"@id":"https:\/\/www.heliberte.com\/en\/#website"},"primaryImageOfPage":{"@id":"https:\/\/www.heliberte.com\/en\/atelier\/#primaryimage"},"image":{"@id":"https:\/\/www.heliberte.com\/en\/atelier\/#primaryimage"},"thumbnailUrl":"","datePublished":"2024-08-01T13:01:46+00:00","breadcrumb":{"@id":"https:\/\/www.heliberte.com\/en\/atelier\/#breadcrumb"},"inLanguage":"en-US","potentialAction":[{"@type":"ReadAction","target":["https:\/\/www.heliberte.com\/en\/atelier\/"]}]},{"@type":"ImageObject","inLanguage":"en-US","@id":"https:\/\/www.heliberte.com\/en\/atelier\/#primaryimage","url":"","contentUrl":""},{"@type":"BreadcrumbList","@id":"https:\/\/www.heliberte.com\/en\/atelier\/#breadcrumb","itemListElement":[{"@type":"ListItem","position":1,"name":"Accueil","item":"https:\/\/www.heliberte.com\/en\/"},{"@type":"ListItem","position":2,"name":"Atelier"}]},{"@type":"WebSite","@id":"https:\/\/www.heliberte.com\/en\/#website","url":"https:\/\/www.heliberte.com\/en\/","name":"H\u00e9libert\u00e9 in English","description":"","potentialAction":[{"@type":"SearchAction","target":{"@type":"EntryPoint","urlTemplate":"https:\/\/www.heliberte.com\/en\/?s={search_term_string}"},"query-input":{"@type":"PropertyValueSpecification","valueRequired":true,"valueName":"search_term_string"}}],"inLanguage":"en-US"}]}},"_links":{"self":[{"href":"https:\/\/www.heliberte.com\/en\/wp-json\/wp\/v2\/pages\/716","targetHints":{"allow":["GET"]}}],"collection":[{"href":"https:\/\/www.heliberte.com\/en\/wp-json\/wp\/v2\/pages"}],"about":[{"href":"https:\/\/www.heliberte.com\/en\/wp-json\/wp\/v2\/types\/page"}],"author":[{"embeddable":true,"href":"https:\/\/www.heliberte.com\/en\/wp-json\/wp\/v2\/users\/1"}],"replies":[{"embeddable":true,"href":"https:\/\/www.heliberte.com\/en\/wp-json\/wp\/v2\/comments?post=716"}],"version-history":[{"count":0,"href":"https:\/\/www.heliberte.com\/en\/wp-json\/wp\/v2\/pages\/716\/revisions"}],"wp:featuredmedia":[{"embeddable":true,"href":"https:\/\/www.heliberte.com\/en\/wp-json\/"}],"wp:attachment":[{"href":"https:\/\/www.heliberte.com\/en\/wp-json\/wp\/v2\/media?parent=716"}],"curies":[{"name":"wp","href":"https:\/\/api.w.org\/{rel}","templated":true}]}}